{"id":1071,"date":"2024-01-19T10:42:54","date_gmt":"2024-01-19T14:42:54","guid":{"rendered":"https:\/\/relocation.relato.app\/?page_id=1071"},"modified":"2025-11-12T11:15:57","modified_gmt":"2025-11-12T15:15:57","slug":"quienes-somos","status":"publish","type":"page","link":"https:\/\/relocation.relato.app\/en\/quienes-somos\/","title":{"rendered":"Who we are"},"content":{"rendered":"<div data-elementor-type=\"wp-page\" data-elementor-id=\"1071\" class=\"elementor elementor-1071\" data-elementor-post-type=\"page\">\n\t\t\t\t<div class=\"elementor-element elementor-element-e233166 e-flex e-con-boxed e-con e-parent\" data-id=\"e233166\" data-element_type=\"container\" data-settings=\"{&quot;background_background&quot;:&quot;classic&quot;}\">\n\t\t\t\t\t<div class=\"e-con-inner\">\n\t\t<div class=\"elementor-element elementor-element-b332118 e-con-full e-flex e-con e-child\" data-id=\"b332118\" data-element_type=\"container\">\n\t\t<div class=\"elementor-element elementor-element-37c5822 e-con-full e-flex e-con e-child\" data-id=\"37c5822\" data-element_type=\"container\">\n\t\t\t\t<div class=\"elementor-element elementor-element-91c5ea2 elementor-widget__width-initial elementor-invisible elementor-widget elementor-widget-heading\" data-id=\"91c5ea2\" data-element_type=\"widget\" data-settings=\"{&quot;_animation&quot;:&quot;fadeInUp&quot;}\" data-widget_type=\"heading.default\">\n\t\t\t\t<div class=\"elementor-widget-container\">\n\t\t\t\t\t<h1 class=\"elementor-heading-title elementor-size-default\">Leadership that Makes a Difference<\/h1>\t\t\t\t<\/div>\n\t\t\t\t<\/div>\n\t\t\t\t<div class=\"elementor-element elementor-element-a564f49 elementor-widget__width-initial elementor-widget elementor-widget-text-editor\" data-id=\"a564f49\" data-element_type=\"widget\" data-widget_type=\"text-editor.default\">\n\t\t\t\t<div class=\"elementor-widget-container\">\n\t\t\t\t\t\t\t\t\t<p class=\"p1\">Meet the professionals who lead the Santiago Relocation Chile team: experts in relocation and immigration, with a human approach, international experience and more than 15 years accompanying executives and their families in relocation processes in Chile.<\/p>\t\t\t\t\t\t\t\t<\/div>\n\t\t\t\t<\/div>\n\t\t\t\t<\/div>\n\t\t\t\t<\/div>\n\t\t\t\t\t<\/div>\n\t\t\t\t<\/div>\n\t\t<div class=\"elementor-element elementor-element-4aa7339 elementor-hidden-desktop elementor-hidden-tablet elementor-hidden-mobile e-flex e-con-boxed e-con e-parent\" data-id=\"4aa7339\" data-element_type=\"container\">\n\t\t\t\t\t<div class=\"e-con-inner\">\n\t\t<div class=\"elementor-element elementor-element-cc3375e e-con-full e-flex e-con e-child\" data-id=\"cc3375e\" data-element_type=\"container\">\n\t\t<div class=\"elementor-element elementor-element-ec3eed7 e-flex e-con-boxed e-con e-child\" data-id=\"ec3eed7\" data-element_type=\"container\">\n\t\t\t\t\t<div class=\"e-con-inner\">\n\t\t\t\t<div class=\"elementor-element elementor-element-53b226e elementor-widget elementor-widget-heading\" data-id=\"53b226e\" data-element_type=\"widget\" data-widget_type=\"heading.default\">\n\t\t\t\t<div class=\"elementor-widget-container\">\n\t\t\t\t\t<h2 class=\"elementor-heading-title elementor-size-default\">Your strategic partner in Corporate and Executive Relocation in Chile<\/h2>\t\t\t\t<\/div>\n\t\t\t\t<\/div>\n\t\t\t\t<div class=\"elementor-element elementor-element-3c972f0 elementor-widget elementor-widget-heading\" data-id=\"3c972f0\" data-element_type=\"widget\" data-widget_type=\"heading.default\">\n\t\t\t\t<div class=\"elementor-widget-container\">\n\t\t\t\t\t<div class=\"elementor-heading-title elementor-size-default\">At Santiago Relocation Chile, we support international executives, families, and companies every step of the way in their relocation to Chile. Since 2012, we have combined over 20 years of experience in relocation and immigration, delivering a boutique, personalized, and people-centered service.\n<\/div>\t\t\t\t<\/div>\n\t\t\t\t<\/div>\n\t\t\t\t\t<\/div>\n\t\t\t\t<\/div>\n\t\t\t\t<\/div>\n\t\t\t\t\t<\/div>\n\t\t\t\t<\/div>\n\t\t<div class=\"elementor-element elementor-element-aa279d9 e-flex e-con-boxed e-con e-parent\" data-id=\"aa279d9\" data-element_type=\"container\" data-settings=\"{&quot;background_background&quot;:&quot;classic&quot;}\">\n\t\t\t\t\t<div class=\"e-con-inner\">\n\t\t<div class=\"elementor-element elementor-element-d1ed5d1 e-con-full e-flex e-con e-child\" data-id=\"d1ed5d1\" data-element_type=\"container\">\n\t\t\t\t<div class=\"elementor-element elementor-element-2394feb elementor-widget elementor-widget-image\" data-id=\"2394feb\" data-element_type=\"widget\" data-widget_type=\"image.default\">\n\t\t\t\t<div class=\"elementor-widget-container\">\n\t\t\t\t\t\t\t\t\t\t\t\t\t\t\t<img fetchpriority=\"high\" decoding=\"async\" width=\"700\" height=\"342\" src=\"https:\/\/relocation.relato.app\/wp-content\/uploads\/2025\/09\/SRC_Foto-Equipo-02.jpg\" class=\"attachment-full size-full wp-image-1983\" alt=\"SRC Foto Equipo\" srcset=\"https:\/\/relocation.relato.app\/wp-content\/uploads\/2025\/09\/SRC_Foto-Equipo-02.jpg 700w, https:\/\/relocation.relato.app\/wp-content\/uploads\/2025\/09\/SRC_Foto-Equipo-02-300x147.jpg 300w\" sizes=\"(max-width: 700px) 100vw, 700px\" \/>\t\t\t\t\t\t\t\t\t\t\t\t\t\t\t<\/div>\n\t\t\t\t<\/div>\n\t\t\t\t<\/div>\n\t\t<div class=\"elementor-element elementor-element-6237192 e-con-full e-flex e-con e-child\" data-id=\"6237192\" data-element_type=\"container\">\n\t\t\t\t<div class=\"elementor-element elementor-element-7b62f27 elementor-widget elementor-widget-heading\" data-id=\"7b62f27\" data-element_type=\"widget\" data-widget_type=\"heading.default\">\n\t\t\t\t<div class=\"elementor-widget-container\">\n\t\t\t\t\t<h6 class=\"elementor-heading-title elementor-size-default\">Santiago Relocation Chile<\/h6>\t\t\t\t<\/div>\n\t\t\t\t<\/div>\n\t\t\t\t<div class=\"elementor-element elementor-element-a231377 elementor-widget-divider--view-line elementor-widget elementor-widget-divider\" data-id=\"a231377\" data-element_type=\"widget\" data-widget_type=\"divider.default\">\n\t\t\t\t<div class=\"elementor-widget-container\">\n\t\t\t\t\t\t\t<div class=\"elementor-divider\">\n\t\t\t<span class=\"elementor-divider-separator\">\n\t\t\t\t\t\t<\/span>\n\t\t<\/div>\n\t\t\t\t\t\t<\/div>\n\t\t\t\t<\/div>\n\t\t\t\t<div class=\"elementor-element elementor-element-f0c60a5 elementor-widget elementor-widget-heading\" data-id=\"f0c60a5\" data-element_type=\"widget\" data-widget_type=\"heading.default\">\n\t\t\t\t<div class=\"elementor-widget-container\">\n\t\t\t\t\t<h2 class=\"elementor-heading-title elementor-size-default\">Our Experience<\/h2>\t\t\t\t<\/div>\n\t\t\t\t<\/div>\n\t\t\t\t<div class=\"elementor-element elementor-element-2ea13ef elementor-widget elementor-widget-text-editor\" data-id=\"2ea13ef\" data-element_type=\"widget\" data-widget_type=\"text-editor.default\">\n\t\t\t\t<div class=\"elementor-widget-container\">\n\t\t\t\t\t\t\t\t\t<div class=\"page\" title=\"Page 2\"><div class=\"section\"><div class=\"layoutArea\"><div class=\"column\"><p class=\"p1\">Santiago Relocation Chile was founded based on our personal experiences as expatriates. We know what it means to arrive in a new country and understand the challenges executives and their families face during that process. This experience is at the heart of our service and the foundation of solutions designed to anticipate needs, streamline procedures, and provide peace of mind to those who place their trust in us.<\/p><\/div><\/div><\/div><\/div>\t\t\t\t\t\t\t\t<\/div>\n\t\t\t\t<\/div>\n\t\t\t\t<\/div>\n\t\t\t\t\t<\/div>\n\t\t\t\t<\/div>\n\t\t<div class=\"elementor-element elementor-element-56f5441 e-flex e-con-boxed e-con e-parent\" data-id=\"56f5441\" data-element_type=\"container\" data-settings=\"{&quot;background_background&quot;:&quot;classic&quot;}\">\n\t\t\t\t\t<div class=\"e-con-inner\">\n\t\t\t\t<div class=\"elementor-element elementor-element-93ad8d8 elementor-widget elementor-widget-heading\" data-id=\"93ad8d8\" data-element_type=\"widget\" data-widget_type=\"heading.default\">\n\t\t\t\t<div class=\"elementor-widget-container\">\n\t\t\t\t\t<h2 class=\"elementor-heading-title elementor-size-default\">Meet Our Team Leaders<\/h2>\t\t\t\t<\/div>\n\t\t\t\t<\/div>\n\t\t\t\t\t<\/div>\n\t\t\t\t<\/div>\n\t\t<div class=\"elementor-element elementor-element-f36e93a e-flex e-con-boxed e-con e-parent\" data-id=\"f36e93a\" data-element_type=\"container\">\n\t\t\t\t\t<div class=\"e-con-inner\">\n\t\t<div class=\"elementor-element elementor-element-056062c e-con-full e-flex e-con e-child\" data-id=\"056062c\" data-element_type=\"container\">\n\t\t<div class=\"elementor-element elementor-element-eaaf631 e-con-full e-flex e-con e-child\" data-id=\"eaaf631\" data-element_type=\"container\">\n\t\t\t\t<div class=\"elementor-element elementor-element-a2bca49 elementor-invisible elementor-widget elementor-widget-heading\" data-id=\"a2bca49\" data-element_type=\"widget\" data-settings=\"{&quot;_animation&quot;:&quot;fadeInLeft&quot;}\" data-widget_type=\"heading.default\">\n\t\t\t\t<div class=\"elementor-widget-container\">\n\t\t\t\t\t<h2 class=\"elementor-heading-title elementor-size-default\">Soledad Ilabaca Munchmeyer <\/h2>\t\t\t\t<\/div>\n\t\t\t\t<\/div>\n\t\t\t\t<div class=\"elementor-element elementor-element-7979726 elementor-widget elementor-widget-text-editor\" data-id=\"7979726\" data-element_type=\"widget\" data-widget_type=\"text-editor.default\">\n\t\t\t\t<div class=\"elementor-widget-container\">\n\t\t\t\t\t\t\t\t\t<p class=\"p1\">Founder and Director of Santiago Relocation Chile<\/p><p class=\"p1\">With over 20 years of international experience, Mar\u00eda Soledad has lived as an expatriate in Los Angeles, London, New York, and Buenos Aires. Her career includes roles at ProChile in Los Angeles and School Choice International in London, as well as active involvement in expatriate support organizations.<\/p><p class=\"p1\">Back in Chile, she has assisted international executives and families with their relocation processes from various countries. Her global vision and human-centered approach inspire the essence of Santiago Relocation Chile, a boutique firm dedicated to providing seamless and personalized transitions for those starting a new chapter in the country.<\/p>\t\t\t\t\t\t\t\t<\/div>\n\t\t\t\t<\/div>\n\t\t\t\t<div class=\"elementor-element elementor-element-4343d73 elementor-invisible elementor-widget elementor-widget-image-carousel\" data-id=\"4343d73\" data-element_type=\"widget\" data-settings=\"{&quot;slides_to_show&quot;:&quot;2&quot;,&quot;slides_to_show_mobile&quot;:&quot;2&quot;,&quot;slides_to_scroll&quot;:&quot;1&quot;,&quot;navigation&quot;:&quot;none&quot;,&quot;_animation&quot;:&quot;fadeInUp&quot;,&quot;autoplay&quot;:&quot;yes&quot;,&quot;pause_on_hover&quot;:&quot;yes&quot;,&quot;pause_on_interaction&quot;:&quot;yes&quot;,&quot;autoplay_speed&quot;:5000,&quot;infinite&quot;:&quot;yes&quot;,&quot;speed&quot;:500,&quot;image_spacing_custom&quot;:{&quot;unit&quot;:&quot;px&quot;,&quot;size&quot;:20,&quot;sizes&quot;:[]},&quot;image_spacing_custom_tablet&quot;:{&quot;unit&quot;:&quot;px&quot;,&quot;size&quot;:&quot;&quot;,&quot;sizes&quot;:[]},&quot;image_spacing_custom_mobile&quot;:{&quot;unit&quot;:&quot;px&quot;,&quot;size&quot;:&quot;&quot;,&quot;sizes&quot;:[]}}\" data-widget_type=\"image-carousel.default\">\n\t\t\t\t<div class=\"elementor-widget-container\">\n\t\t\t\t\t\t\t<div class=\"elementor-image-carousel-wrapper swiper\" role=\"region\" aria-roledescription=\"carousel\" aria-label=\"Image Carousel\" dir=\"ltr\">\n\t\t\t<div class=\"elementor-image-carousel swiper-wrapper swiper-image-stretch\" aria-live=\"off\">\n\t\t\t\t\t\t\t\t<div class=\"swiper-slide\" role=\"group\" aria-roledescription=\"slide\" aria-label=\"1 of 3\"><figure class=\"swiper-slide-inner\"><img decoding=\"async\" class=\"swiper-slide-image\" src=\"https:\/\/relocation.relato.app\/wp-content\/uploads\/2025\/09\/Soledad-casa.jpg\" alt=\"Soledad casa\" \/><\/figure><\/div><div class=\"swiper-slide\" role=\"group\" aria-roledescription=\"slide\" aria-label=\"2 of 3\"><figure class=\"swiper-slide-inner\"><img decoding=\"async\" class=\"swiper-slide-image\" src=\"https:\/\/relocation.relato.app\/wp-content\/uploads\/2025\/09\/Soledad-office.jpeg\" alt=\"Sin t\u00edtulo (300 x 300 px) - 1\" \/><\/figure><\/div><div class=\"swiper-slide\" role=\"group\" aria-roledescription=\"slide\" aria-label=\"3 of 3\"><figure class=\"swiper-slide-inner\"><img decoding=\"async\" class=\"swiper-slide-image\" src=\"https:\/\/relocation.relato.app\/wp-content\/uploads\/2025\/10\/Soledad-Coelgio.jpg\" alt=\"Soledad Coelgio\" \/><\/figure><\/div>\t\t\t<\/div>\n\t\t\t\t\t\t\t\n\t\t\t\t\t\t\t\t\t<\/div>\n\t\t\t\t\t\t<\/div>\n\t\t\t\t<\/div>\n\t\t\t\t<\/div>\n\t\t<div class=\"elementor-element elementor-element-54b4e8d e-con-full e-flex e-con e-child\" data-id=\"54b4e8d\" data-element_type=\"container\" data-settings=\"{&quot;background_background&quot;:&quot;classic&quot;}\">\n\t\t\t\t<div class=\"elementor-element elementor-element-94e7150 elementor-invisible elementor-widget elementor-widget-image\" data-id=\"94e7150\" data-element_type=\"widget\" data-settings=\"{&quot;_animation&quot;:&quot;fadeInUp&quot;}\" data-widget_type=\"image.default\">\n\t\t\t\t<div class=\"elementor-widget-container\">\n\t\t\t\t\t\t\t\t\t\t\t\t\t\t\t<img decoding=\"async\" width=\"768\" height=\"1052\" src=\"https:\/\/relocation.relato.app\/wp-content\/uploads\/2025\/09\/02_Soledad_GS03-de-tamano-grande-768x1052.jpeg\" class=\"attachment-medium_large size-medium_large wp-image-1991\" alt=\"Dise\u00f1o sin t\u00edtulo\" srcset=\"https:\/\/relocation.relato.app\/wp-content\/uploads\/2025\/09\/02_Soledad_GS03-de-tamano-grande-768x1052.jpeg 768w, https:\/\/relocation.relato.app\/wp-content\/uploads\/2025\/09\/02_Soledad_GS03-de-tamano-grande-219x300.jpeg 219w, https:\/\/relocation.relato.app\/wp-content\/uploads\/2025\/09\/02_Soledad_GS03-de-tamano-grande-747x1024.jpeg 747w, https:\/\/relocation.relato.app\/wp-content\/uploads\/2025\/09\/02_Soledad_GS03-de-tamano-grande.jpeg 864w\" sizes=\"(max-width: 768px) 100vw, 768px\" \/>\t\t\t\t\t\t\t\t\t\t\t\t\t\t\t<\/div>\n\t\t\t\t<\/div>\n\t\t\t\t<\/div>\n\t\t\t\t<\/div>\n\t\t\t\t\t<\/div>\n\t\t\t\t<\/div>\n\t\t<div class=\"elementor-element elementor-element-86663fc e-flex e-con-boxed e-con e-parent\" data-id=\"86663fc\" data-element_type=\"container\">\n\t\t\t\t\t<div class=\"e-con-inner\">\n\t\t<div class=\"elementor-element elementor-element-c74ce67 e-con-full e-flex e-con e-child\" data-id=\"c74ce67\" data-element_type=\"container\">\n\t\t<div class=\"elementor-element elementor-element-1ffa9eb e-con-full e-flex e-con e-child\" data-id=\"1ffa9eb\" data-element_type=\"container\">\n\t\t\t\t<div class=\"elementor-element elementor-element-f439125 elementor-invisible elementor-widget elementor-widget-heading\" data-id=\"f439125\" data-element_type=\"widget\" data-settings=\"{&quot;_animation&quot;:&quot;fadeInLeft&quot;}\" data-widget_type=\"heading.default\">\n\t\t\t\t<div class=\"elementor-widget-container\">\n\t\t\t\t\t<h2 class=\"elementor-heading-title elementor-size-default\">Carolina Sotta Bunster\n<\/h2>\t\t\t\t<\/div>\n\t\t\t\t<\/div>\n\t\t\t\t<div class=\"elementor-element elementor-element-ee70340 elementor-widget elementor-widget-text-editor\" data-id=\"ee70340\" data-element_type=\"widget\" data-widget_type=\"text-editor.default\">\n\t\t\t\t<div class=\"elementor-widget-container\">\n\t\t\t\t\t\t\t\t\t<p class=\"p1\">Leader of the Migration Services Area<\/p><p class=\"p1\">Carolina has been part of the Santiago Relocation Chile team since 2018, leading the Migration Services Area with dedication and professionalism. Having lived in Venezuela and Paraguay, she has a deep and empathetic understanding of the adaptation processes faced by expatriates and their families.<\/p><p class=\"p1\">Their extensive knowledge in immigration management guarantees reliable, efficient and humane support at every stage of the process, providing clear solutions and close support to those starting their life in Chile.<\/p>\t\t\t\t\t\t\t\t<\/div>\n\t\t\t\t<\/div>\n\t\t\t\t<div class=\"elementor-element elementor-element-adecf56 elementor-invisible elementor-widget elementor-widget-image-carousel\" data-id=\"adecf56\" data-element_type=\"widget\" data-settings=\"{&quot;slides_to_show&quot;:&quot;2&quot;,&quot;slides_to_show_mobile&quot;:&quot;2&quot;,&quot;slides_to_scroll&quot;:&quot;1&quot;,&quot;navigation&quot;:&quot;none&quot;,&quot;_animation&quot;:&quot;fadeInUp&quot;,&quot;autoplay&quot;:&quot;yes&quot;,&quot;pause_on_hover&quot;:&quot;yes&quot;,&quot;pause_on_interaction&quot;:&quot;yes&quot;,&quot;autoplay_speed&quot;:5000,&quot;infinite&quot;:&quot;yes&quot;,&quot;speed&quot;:500,&quot;image_spacing_custom&quot;:{&quot;unit&quot;:&quot;px&quot;,&quot;size&quot;:20,&quot;sizes&quot;:[]},&quot;image_spacing_custom_tablet&quot;:{&quot;unit&quot;:&quot;px&quot;,&quot;size&quot;:&quot;&quot;,&quot;sizes&quot;:[]},&quot;image_spacing_custom_mobile&quot;:{&quot;unit&quot;:&quot;px&quot;,&quot;size&quot;:&quot;&quot;,&quot;sizes&quot;:[]}}\" data-widget_type=\"image-carousel.default\">\n\t\t\t\t<div class=\"elementor-widget-container\">\n\t\t\t\t\t\t\t<div class=\"elementor-image-carousel-wrapper swiper\" role=\"region\" aria-roledescription=\"carousel\" aria-label=\"Image Carousel\" dir=\"ltr\">\n\t\t\t<div class=\"elementor-image-carousel swiper-wrapper swiper-image-stretch\" aria-live=\"off\">\n\t\t\t\t\t\t\t\t<div class=\"swiper-slide\" role=\"group\" aria-roledescription=\"slide\" aria-label=\"1 of 3\"><figure class=\"swiper-slide-inner\"><img decoding=\"async\" class=\"swiper-slide-image\" src=\"https:\/\/relocation.relato.app\/wp-content\/uploads\/2025\/09\/Carolina_02.jpg\" alt=\"Carolina_02\" \/><\/figure><\/div><div class=\"swiper-slide\" role=\"group\" aria-roledescription=\"slide\" aria-label=\"2 of 3\"><figure class=\"swiper-slide-inner\"><img decoding=\"async\" class=\"swiper-slide-image\" src=\"https:\/\/relocation.relato.app\/wp-content\/uploads\/2025\/09\/Carolina_01.jpg\" alt=\"Carolina_01\" \/><\/figure><\/div><div class=\"swiper-slide\" role=\"group\" aria-roledescription=\"slide\" aria-label=\"3 of 3\"><figure class=\"swiper-slide-inner\"><img decoding=\"async\" class=\"swiper-slide-image\" src=\"https:\/\/relocation.relato.app\/wp-content\/uploads\/2025\/10\/Carolina_03.jpg\" alt=\"Carolina_03\" \/><\/figure><\/div>\t\t\t<\/div>\n\t\t\t\t\t\t\t\n\t\t\t\t\t\t\t\t\t<\/div>\n\t\t\t\t\t\t<\/div>\n\t\t\t\t<\/div>\n\t\t\t\t<\/div>\n\t\t<div class=\"elementor-element elementor-element-f9988d7 e-con-full e-flex e-con e-child\" data-id=\"f9988d7\" data-element_type=\"container\" data-settings=\"{&quot;background_background&quot;:&quot;classic&quot;}\">\n\t\t\t\t<div class=\"elementor-element elementor-element-86b1b7a elementor-invisible elementor-widget elementor-widget-image\" data-id=\"86b1b7a\" data-element_type=\"widget\" data-settings=\"{&quot;_animation&quot;:&quot;fadeInUp&quot;}\" data-widget_type=\"image.default\">\n\t\t\t\t<div class=\"elementor-widget-container\">\n\t\t\t\t\t\t\t\t\t\t\t\t\t\t\t<img decoding=\"async\" width=\"768\" height=\"1052\" src=\"https:\/\/relocation.relato.app\/wp-content\/uploads\/2025\/09\/01_Carolina_GS03-de-tamano-grande-768x1052.jpeg\" class=\"attachment-medium_large size-medium_large wp-image-1990\" alt=\"Dise\u00f1o sin t\u00edtulo\" srcset=\"https:\/\/relocation.relato.app\/wp-content\/uploads\/2025\/09\/01_Carolina_GS03-de-tamano-grande-768x1052.jpeg 768w, https:\/\/relocation.relato.app\/wp-content\/uploads\/2025\/09\/01_Carolina_GS03-de-tamano-grande-219x300.jpeg 219w, https:\/\/relocation.relato.app\/wp-content\/uploads\/2025\/09\/01_Carolina_GS03-de-tamano-grande-747x1024.jpeg 747w, https:\/\/relocation.relato.app\/wp-content\/uploads\/2025\/09\/01_Carolina_GS03-de-tamano-grande.jpeg 864w\" sizes=\"(max-width: 768px) 100vw, 768px\" \/>\t\t\t\t\t\t\t\t\t\t\t\t\t\t\t<\/div>\n\t\t\t\t<\/div>\n\t\t\t\t<\/div>\n\t\t\t\t<\/div>\n\t\t\t\t\t<\/div>\n\t\t\t\t<\/div>\n\t\t<div class=\"elementor-element elementor-element-9d6f4ad e-flex e-con-boxed e-con e-parent\" data-id=\"9d6f4ad\" data-element_type=\"container\">\n\t\t\t\t\t<div class=\"e-con-inner\">\n\t\t<div class=\"elementor-element elementor-element-0346397 e-con-full e-flex e-con e-child\" data-id=\"0346397\" data-element_type=\"container\">\n\t\t<div class=\"elementor-element elementor-element-9ff2177 e-flex e-con-boxed e-con e-child\" data-id=\"9ff2177\" data-element_type=\"container\">\n\t\t\t\t\t<div class=\"e-con-inner\">\n\t\t\t\t<div class=\"elementor-element elementor-element-90913c1 elementor-widget elementor-widget-heading\" data-id=\"90913c1\" data-element_type=\"widget\" data-widget_type=\"heading.default\">\n\t\t\t\t<div class=\"elementor-widget-container\">\n\t\t\t\t\t<h2 class=\"elementor-heading-title elementor-size-default\">A Support Team at Your Service<\/h2>\t\t\t\t<\/div>\n\t\t\t\t<\/div>\n\t\t\t\t<div class=\"elementor-element elementor-element-1e57a82 elementor-widget elementor-widget-heading\" data-id=\"1e57a82\" data-element_type=\"widget\" data-widget_type=\"heading.default\">\n\t\t\t\t<div class=\"elementor-widget-container\">\n\t\t\t\t\t<div class=\"elementor-heading-title elementor-size-default\">Behind our leaders, we have a dedicated support team and a strong network of local suppliers. We efficiently coordinate all aspects of corporate relocation and immigration procedures, ensuring that every stage of the process is managed with rigor, commitment, and compassion.\n<\/div>\t\t\t\t<\/div>\n\t\t\t\t<\/div>\n\t\t\t\t\t<\/div>\n\t\t\t\t<\/div>\n\t\t\t\t<\/div>\n\t\t\t\t\t<\/div>\n\t\t\t\t<\/div>\n\t\t<div class=\"elementor-element elementor-element-42958d6 e-con-full e-flex e-con e-child\" data-id=\"42958d6\" data-element_type=\"container\">\n\t\t<div class=\"elementor-element elementor-element-aa09d0b e-con-full e-flex e-con e-child\" data-id=\"aa09d0b\" data-element_type=\"container\">\n\t\t\t\t<div class=\"elementor-element elementor-element-6bcdd50 elementor-widget__width-auto elementor-mobile-align-center elementor-widget-mobile__width-inherit elementor-align-center elementor-widget elementor-widget-button\" data-id=\"6bcdd50\" data-element_type=\"widget\" data-widget_type=\"button.default\">\n\t\t\t\t<div class=\"elementor-widget-container\">\n\t\t\t\t\t\t\t\t\t<div class=\"elementor-button-wrapper\">\n\t\t\t\t\t<a class=\"elementor-button elementor-button-link elementor-size-md elementor-animation-float\" href=\"https:\/\/relocation.relato.app\/en\/contacto\/\">\n\t\t\t\t\t\t<span class=\"elementor-button-content-wrapper\">\n\t\t\t\t\t\t<span class=\"elementor-button-icon\">\n\t\t\t\t<svg aria-hidden=\"true\" class=\"e-font-icon-svg e-fas-chevron-right\" viewbox=\"0 0 320 512\" xmlns=\"http:\/\/www.w3.org\/2000\/svg\"><path d=\"M285.476 272.971L91.132 467.314c-9.373 9.373-24.569 9.373-33.941 0l-22.667-22.667c-9.357-9.357-9.375-24.522-.04-33.901L188.505 256 34.484 101.255c-9.335-9.379-9.317-24.544.04-33.901l22.667-22.667c9.373-9.373 24.569-9.373 33.941 0L285.475 239.03c9.373 9.372 9.373 24.568.001 33.941z\"><\/path><\/svg>\t\t\t<\/span>\n\t\t\t\t\t\t\t\t\t<span class=\"elementor-button-text\">Contact an Expert<\/span>\n\t\t\t\t\t<\/span>\n\t\t\t\t\t<\/a>\n\t\t\t\t<\/div>\n\t\t\t\t\t\t\t\t<\/div>\n\t\t\t\t<\/div>\n\t\t\t\t<div class=\"elementor-element elementor-element-a898b41 elementor-widget elementor-widget-spacer\" data-id=\"a898b41\" data-element_type=\"widget\" data-widget_type=\"spacer.default\">\n\t\t\t\t<div class=\"elementor-widget-container\">\n\t\t\t\t\t\t\t<div class=\"elementor-spacer\">\n\t\t\t<div class=\"elementor-spacer-inner\"><\/div>\n\t\t<\/div>\n\t\t\t\t\t\t<\/div>\n\t\t\t\t<\/div>\n\t\t\t\t<\/div>\n\t\t\t\t<\/div>\n\t\t\t\t<\/div>","protected":false},"excerpt":{"rendered":"<p>Liderazgo que marca la Diferencia Conoce a las profesionales que encabezan el equipo de Santiago Relocation Chile: expertas en relocation e inmigraci\u00f3n, con enfoque humano, trayectoria internacional y m\u00e1s de 15 a\u00f1os acompa\u00f1ando a ejecutivos y sus familias en procesos de reubicaci\u00f3n en Chile. Tu socio estrat\u00e9gico en Reubicaci\u00f3n Corporativa y Ejecutiva en Chile En [&hellip;]<\/p>","protected":false},"author":8,"featured_media":0,"parent":0,"menu_order":4,"comment_status":"closed","ping_status":"closed","template":"","meta":{"slim_seo":{"title":"Qui\u00e9nes Somos - Santiago Relocation Chile","description":"Liderazgo que marca la Diferencia Conoce a las profesionales que encabezan el equipo de Santiago Relocation Chile: expertas en relocation e inmigraci\u00f3n, con enf"},"_joinchat":[],"footnotes":""},"folder":[],"class_list":["post-1071","page","type-page","status-publish","hentry"],"_links":{"self":[{"href":"https:\/\/relocation.relato.app\/en\/wp-json\/wp\/v2\/pages\/1071","targetHints":{"allow":["GET"]}}],"collection":[{"href":"https:\/\/relocation.relato.app\/en\/wp-json\/wp\/v2\/pages"}],"about":[{"href":"https:\/\/relocation.relato.app\/en\/wp-json\/wp\/v2\/types\/page"}],"author":[{"embeddable":true,"href":"https:\/\/relocation.relato.app\/en\/wp-json\/wp\/v2\/users\/8"}],"replies":[{"embeddable":true,"href":"https:\/\/relocation.relato.app\/en\/wp-json\/wp\/v2\/comments?post=1071"}],"version-history":[{"count":55,"href":"https:\/\/relocation.relato.app\/en\/wp-json\/wp\/v2\/pages\/1071\/revisions"}],"predecessor-version":[{"id":2431,"href":"https:\/\/relocation.relato.app\/en\/wp-json\/wp\/v2\/pages\/1071\/revisions\/2431"}],"wp:attachment":[{"href":"https:\/\/relocation.relato.app\/en\/wp-json\/wp\/v2\/media?parent=1071"}],"wp:term":[{"taxonomy":"folder","embeddable":true,"href":"https:\/\/relocation.relato.app\/en\/wp-json\/wp\/v2\/folder?post=1071"}],"curies":[{"name":"wp","href":"https:\/\/api.w.org\/{rel}","templated":true}]}}